{"id":78,"date":"2021-10-16T15:27:29","date_gmt":"2021-10-16T15:27:29","guid":{"rendered":"http:\/\/port.mplab.lv\/UVLAB\/?page_id=78"},"modified":"2021-10-22T10:39:59","modified_gmt":"2021-10-22T10:39:59","slug":"experiment-4","status":"publish","type":"page","link":"http:\/\/port.mplab.lv\/UVLAB\/experiment-4\/","title":{"rendered":"Experiment #4"},"content":{"rendered":"\n<p>by P\u0113ters Rieksti\u0146\u0161, Art\u016brs Goldmanis, Elza Ozola<\/p>\n\n\n\n<p>Ocean simulation &#8220;MiniSea&#8221;<\/p>\n\n\n\n<p>fishtank, seawater, seaweed, plastic fish, supermarket fish<\/p>\n\n\n\n<figure class=\"wp-block-image size-large\"><img fetchpriority=\"high\" decoding=\"async\" width=\"1024\" height=\"683\" src=\"http:\/\/port.mplab.lv\/UVLAB\/wp-content\/uploads\/2021\/10\/MG_0946-mazs-1024x683.jpg\" alt=\"\" class=\"wp-image-81\" srcset=\"http:\/\/port.mplab.lv\/UVLAB\/wp-content\/uploads\/2021\/10\/MG_0946-mazs-1024x683.jpg 1024w, http:\/\/port.mplab.lv\/UVLAB\/wp-content\/uploads\/2021\/10\/MG_0946-mazs-300x200.jpg 300w, http:\/\/port.mplab.lv\/UVLAB\/wp-content\/uploads\/2021\/10\/MG_0946-mazs-768x512.jpg 768w, http:\/\/port.mplab.lv\/UVLAB\/wp-content\/uploads\/2021\/10\/MG_0946-mazs-1536x1024.jpg 1536w, http:\/\/port.mplab.lv\/UVLAB\/wp-content\/uploads\/2021\/10\/MG_0946-mazs-2048x1366.jpg 2048w\" sizes=\"(max-width: 1024px) 100vw, 1024px\" \/><\/figure>\n\n\n\n<figure class=\"wp-block-image size-large\"><img decoding=\"async\" width=\"1024\" height=\"683\" src=\"http:\/\/port.mplab.lv\/UVLAB\/wp-content\/uploads\/2021\/10\/MG_0943-mazs-1024x683.jpg\" alt=\"\" class=\"wp-image-85\" srcset=\"http:\/\/port.mplab.lv\/UVLAB\/wp-content\/uploads\/2021\/10\/MG_0943-mazs-1024x683.jpg 1024w, http:\/\/port.mplab.lv\/UVLAB\/wp-content\/uploads\/2021\/10\/MG_0943-mazs-300x200.jpg 300w, http:\/\/port.mplab.lv\/UVLAB\/wp-content\/uploads\/2021\/10\/MG_0943-mazs-768x512.jpg 768w, http:\/\/port.mplab.lv\/UVLAB\/wp-content\/uploads\/2021\/10\/MG_0943-mazs-1536x1024.jpg 1536w, http:\/\/port.mplab.lv\/UVLAB\/wp-content\/uploads\/2021\/10\/MG_0943-mazs-2048x1366.jpg 2048w\" sizes=\"(max-width: 1024px) 100vw, 1024px\" \/><\/figure>\n\n\n\n<figure class=\"wp-block-image size-large\"><img decoding=\"async\" width=\"1024\" height=\"683\" src=\"http:\/\/port.mplab.lv\/UVLAB\/wp-content\/uploads\/2021\/10\/MG_0950-mazs-1024x683.jpg\" alt=\"\" class=\"wp-image-80\" srcset=\"http:\/\/port.mplab.lv\/UVLAB\/wp-content\/uploads\/2021\/10\/MG_0950-mazs-1024x683.jpg 1024w, http:\/\/port.mplab.lv\/UVLAB\/wp-content\/uploads\/2021\/10\/MG_0950-mazs-300x200.jpg 300w, http:\/\/port.mplab.lv\/UVLAB\/wp-content\/uploads\/2021\/10\/MG_0950-mazs-768x512.jpg 768w, http:\/\/port.mplab.lv\/UVLAB\/wp-content\/uploads\/2021\/10\/MG_0950-mazs-1536x1024.jpg 1536w, http:\/\/port.mplab.lv\/UVLAB\/wp-content\/uploads\/2021\/10\/MG_0950-mazs-2048x1366.jpg 2048w\" sizes=\"(max-width: 1024px) 100vw, 1024px\" \/><\/figure>\n\n\n\n<figure class=\"wp-block-image size-large\"><img loading=\"lazy\" decoding=\"async\" width=\"1024\" height=\"640\" src=\"http:\/\/port.mplab.lv\/UVLAB\/wp-content\/uploads\/2021\/10\/MG_0955-mazs-1024x640.jpg\" alt=\"\" class=\"wp-image-79\" srcset=\"http:\/\/port.mplab.lv\/UVLAB\/wp-content\/uploads\/2021\/10\/MG_0955-mazs-1024x640.jpg 1024w, http:\/\/port.mplab.lv\/UVLAB\/wp-content\/uploads\/2021\/10\/MG_0955-mazs-300x188.jpg 300w, http:\/\/port.mplab.lv\/UVLAB\/wp-content\/uploads\/2021\/10\/MG_0955-mazs-768x480.jpg 768w, http:\/\/port.mplab.lv\/UVLAB\/wp-content\/uploads\/2021\/10\/MG_0955-mazs-1536x960.jpg 1536w, http:\/\/port.mplab.lv\/UVLAB\/wp-content\/uploads\/2021\/10\/MG_0955-mazs-2048x1281.jpg 2048w\" sizes=\"(max-width: 1024px) 100vw, 1024px\" \/><\/figure>\n\n\n\n<figure class=\"wp-block-image size-large\"><img loading=\"lazy\" decoding=\"async\" width=\"1024\" height=\"683\" src=\"http:\/\/port.mplab.lv\/UVLAB\/wp-content\/uploads\/2021\/10\/MG_0975-mazs-1024x683.jpg\" alt=\"\" class=\"wp-image-82\" srcset=\"http:\/\/port.mplab.lv\/UVLAB\/wp-content\/uploads\/2021\/10\/MG_0975-mazs-1024x683.jpg 1024w, http:\/\/port.mplab.lv\/UVLAB\/wp-content\/uploads\/2021\/10\/MG_0975-mazs-300x200.jpg 300w, http:\/\/port.mplab.lv\/UVLAB\/wp-content\/uploads\/2021\/10\/MG_0975-mazs-768x512.jpg 768w, http:\/\/port.mplab.lv\/UVLAB\/wp-content\/uploads\/2021\/10\/MG_0975-mazs-1536x1024.jpg 1536w, http:\/\/port.mplab.lv\/UVLAB\/wp-content\/uploads\/2021\/10\/MG_0975-mazs-2048x1366.jpg 2048w\" sizes=\"(max-width: 1024px) 100vw, 1024px\" \/><\/figure>\n\n\n\n<figure class=\"wp-block-image size-large\"><img loading=\"lazy\" decoding=\"async\" width=\"1024\" height=\"683\" src=\"http:\/\/port.mplab.lv\/UVLAB\/wp-content\/uploads\/2021\/10\/MG_0956-mazs-1024x683.jpg\" alt=\"\" class=\"wp-image-83\" srcset=\"http:\/\/port.mplab.lv\/UVLAB\/wp-content\/uploads\/2021\/10\/MG_0956-mazs-1024x683.jpg 1024w, http:\/\/port.mplab.lv\/UVLAB\/wp-content\/uploads\/2021\/10\/MG_0956-mazs-300x200.jpg 300w, http:\/\/port.mplab.lv\/UVLAB\/wp-content\/uploads\/2021\/10\/MG_0956-mazs-768x512.jpg 768w, http:\/\/port.mplab.lv\/UVLAB\/wp-content\/uploads\/2021\/10\/MG_0956-mazs-1536x1024.jpg 1536w, http:\/\/port.mplab.lv\/UVLAB\/wp-content\/uploads\/2021\/10\/MG_0956-mazs-2048x1366.jpg 2048w\" sizes=\"(max-width: 1024px) 100vw, 1024px\" \/><\/figure>\n","protected":false},"excerpt":{"rendered":"<p>by P\u0113ters Rieksti\u0146\u0161, Art\u016brs Goldmanis, Elza Ozola Ocean simulation &#8220;MiniSea&#8221; fishtank, seawater, seaweed, plastic fish, supermarket fish<\/p>\n","protected":false},"author":1,"featured_media":0,"parent":0,"menu_order":0,"comment_status":"closed","ping_status":"closed","template":"","meta":{"footnotes":""},"class_list":["post-78","page","type-page","status-publish","hentry","missing-thumbnail"],"_links":{"self":[{"href":"http:\/\/port.mplab.lv\/UVLAB\/wp-json\/wp\/v2\/pages\/78","targetHints":{"allow":["GET"]}}],"collection":[{"href":"http:\/\/port.mplab.lv\/UVLAB\/wp-json\/wp\/v2\/pages"}],"about":[{"href":"http:\/\/port.mplab.lv\/UVLAB\/wp-json\/wp\/v2\/types\/page"}],"author":[{"embeddable":true,"href":"http:\/\/port.mplab.lv\/UVLAB\/wp-json\/wp\/v2\/users\/1"}],"replies":[{"embeddable":true,"href":"http:\/\/port.mplab.lv\/UVLAB\/wp-json\/wp\/v2\/comments?post=78"}],"version-history":[{"count":3,"href":"http:\/\/port.mplab.lv\/UVLAB\/wp-json\/wp\/v2\/pages\/78\/revisions"}],"predecessor-version":[{"id":192,"href":"http:\/\/port.mplab.lv\/UVLAB\/wp-json\/wp\/v2\/pages\/78\/revisions\/192"}],"wp:attachment":[{"href":"http:\/\/port.mplab.lv\/UVLAB\/wp-json\/wp\/v2\/media?parent=78"}],"curies":[{"name":"wp","href":"https:\/\/api.w.org\/{rel}","templated":true}]}}