{"id":67,"date":"2021-10-16T15:16:18","date_gmt":"2021-10-16T15:16:18","guid":{"rendered":"http:\/\/port.mplab.lv\/UVLAB\/?page_id=67"},"modified":"2021-10-22T10:12:42","modified_gmt":"2021-10-22T10:12:42","slug":"experiment-3","status":"publish","type":"page","link":"http:\/\/port.mplab.lv\/UVLAB\/experiment-3\/","title":{"rendered":"Experiment #3"},"content":{"rendered":"\n<p>by Olga Barbina, P\u0113ters Rieksti\u0146\u0161<\/p>\n\n\n\n<p>Amber, seaweed, shells, UV light, office light, microscope<\/p>\n\n\n\n<figure class=\"wp-block-image size-full\"><img fetchpriority=\"high\" decoding=\"async\" width=\"640\" height=\"480\" src=\"http:\/\/port.mplab.lv\/UVLAB\/wp-content\/uploads\/2021\/10\/micro10.jpg\" alt=\"\" class=\"wp-image-68\" srcset=\"http:\/\/port.mplab.lv\/UVLAB\/wp-content\/uploads\/2021\/10\/micro10.jpg 640w, http:\/\/port.mplab.lv\/UVLAB\/wp-content\/uploads\/2021\/10\/micro10-300x225.jpg 300w\" sizes=\"(max-width: 640px) 100vw, 640px\" \/><\/figure>\n\n\n\n<figure class=\"wp-block-image size-full\"><img decoding=\"async\" width=\"640\" height=\"480\" src=\"http:\/\/port.mplab.lv\/UVLAB\/wp-content\/uploads\/2021\/10\/micro9.jpg\" alt=\"\" class=\"wp-image-69\" srcset=\"http:\/\/port.mplab.lv\/UVLAB\/wp-content\/uploads\/2021\/10\/micro9.jpg 640w, http:\/\/port.mplab.lv\/UVLAB\/wp-content\/uploads\/2021\/10\/micro9-300x225.jpg 300w\" sizes=\"(max-width: 640px) 100vw, 640px\" \/><\/figure>\n\n\n\n<figure class=\"wp-block-image size-full\"><img decoding=\"async\" width=\"640\" height=\"480\" src=\"http:\/\/port.mplab.lv\/UVLAB\/wp-content\/uploads\/2021\/10\/micro8.jpg\" alt=\"\" class=\"wp-image-70\" srcset=\"http:\/\/port.mplab.lv\/UVLAB\/wp-content\/uploads\/2021\/10\/micro8.jpg 640w, http:\/\/port.mplab.lv\/UVLAB\/wp-content\/uploads\/2021\/10\/micro8-300x225.jpg 300w\" sizes=\"(max-width: 640px) 100vw, 640px\" \/><\/figure>\n\n\n\n<figure class=\"wp-block-image size-full\"><img loading=\"lazy\" decoding=\"async\" width=\"640\" height=\"480\" src=\"http:\/\/port.mplab.lv\/UVLAB\/wp-content\/uploads\/2021\/10\/micro5.jpg\" alt=\"\" class=\"wp-image-72\" srcset=\"http:\/\/port.mplab.lv\/UVLAB\/wp-content\/uploads\/2021\/10\/micro5.jpg 640w, http:\/\/port.mplab.lv\/UVLAB\/wp-content\/uploads\/2021\/10\/micro5-300x225.jpg 300w\" sizes=\"(max-width: 640px) 100vw, 640px\" \/><\/figure>\n\n\n\n<figure class=\"wp-block-image size-full\"><img loading=\"lazy\" decoding=\"async\" width=\"640\" height=\"480\" src=\"http:\/\/port.mplab.lv\/UVLAB\/wp-content\/uploads\/2021\/10\/micro4.jpg\" alt=\"\" class=\"wp-image-73\" srcset=\"http:\/\/port.mplab.lv\/UVLAB\/wp-content\/uploads\/2021\/10\/micro4.jpg 640w, http:\/\/port.mplab.lv\/UVLAB\/wp-content\/uploads\/2021\/10\/micro4-300x225.jpg 300w\" sizes=\"(max-width: 640px) 100vw, 640px\" \/><\/figure>\n\n\n\n<figure class=\"wp-block-image size-full\"><img loading=\"lazy\" decoding=\"async\" width=\"640\" height=\"480\" src=\"http:\/\/port.mplab.lv\/UVLAB\/wp-content\/uploads\/2021\/10\/micro2.jpg\" alt=\"\" class=\"wp-image-74\" srcset=\"http:\/\/port.mplab.lv\/UVLAB\/wp-content\/uploads\/2021\/10\/micro2.jpg 640w, http:\/\/port.mplab.lv\/UVLAB\/wp-content\/uploads\/2021\/10\/micro2-300x225.jpg 300w\" sizes=\"(max-width: 640px) 100vw, 640px\" \/><\/figure>\n\n\n\n<figure class=\"wp-block-image size-full\"><img loading=\"lazy\" decoding=\"async\" width=\"640\" height=\"480\" src=\"http:\/\/port.mplab.lv\/UVLAB\/wp-content\/uploads\/2021\/10\/micro1.jpg\" alt=\"\" class=\"wp-image-75\" srcset=\"http:\/\/port.mplab.lv\/UVLAB\/wp-content\/uploads\/2021\/10\/micro1.jpg 640w, http:\/\/port.mplab.lv\/UVLAB\/wp-content\/uploads\/2021\/10\/micro1-300x225.jpg 300w\" sizes=\"(max-width: 640px) 100vw, 640px\" \/><\/figure>\n","protected":false},"excerpt":{"rendered":"<p>by Olga Barbina, P\u0113ters Rieksti\u0146\u0161 Amber, seaweed, shells, UV light, office light, microscope<\/p>\n","protected":false},"author":1,"featured_media":0,"parent":0,"menu_order":0,"comment_status":"closed","ping_status":"closed","template":"","meta":{"footnotes":""},"class_list":["post-67","page","type-page","status-publish","hentry","missing-thumbnail"],"_links":{"self":[{"href":"http:\/\/port.mplab.lv\/UVLAB\/wp-json\/wp\/v2\/pages\/67","targetHints":{"allow":["GET"]}}],"collection":[{"href":"http:\/\/port.mplab.lv\/UVLAB\/wp-json\/wp\/v2\/pages"}],"about":[{"href":"http:\/\/port.mplab.lv\/UVLAB\/wp-json\/wp\/v2\/types\/page"}],"author":[{"embeddable":true,"href":"http:\/\/port.mplab.lv\/UVLAB\/wp-json\/wp\/v2\/users\/1"}],"replies":[{"embeddable":true,"href":"http:\/\/port.mplab.lv\/UVLAB\/wp-json\/wp\/v2\/comments?post=67"}],"version-history":[{"count":2,"href":"http:\/\/port.mplab.lv\/UVLAB\/wp-json\/wp\/v2\/pages\/67\/revisions"}],"predecessor-version":[{"id":178,"href":"http:\/\/port.mplab.lv\/UVLAB\/wp-json\/wp\/v2\/pages\/67\/revisions\/178"}],"wp:attachment":[{"href":"http:\/\/port.mplab.lv\/UVLAB\/wp-json\/wp\/v2\/media?parent=67"}],"curies":[{"name":"wp","href":"https:\/\/api.w.org\/{rel}","templated":true}]}}