{"id":26,"date":"2021-10-16T14:00:19","date_gmt":"2021-10-16T14:00:19","guid":{"rendered":"http:\/\/port.mplab.lv\/UVLAB\/?page_id=26"},"modified":"2021-10-22T10:03:39","modified_gmt":"2021-10-22T10:03:39","slug":"experiment-1","status":"publish","type":"page","link":"http:\/\/port.mplab.lv\/UVLAB\/experiment-1\/","title":{"rendered":"Experiment #1"},"content":{"rendered":"\n<p>by P\u0113ters Rieksti\u0146\u0161<\/p>\n\n\n\n<p>Seaweed, office scanner<\/p>\n\n\n\n<figure class=\"wp-block-image size-large\"><img fetchpriority=\"high\" decoding=\"async\" width=\"724\" height=\"1024\" src=\"http:\/\/port.mplab.lv\/UVLAB\/wp-content\/uploads\/2021\/10\/scan100-mazs-724x1024.jpg\" alt=\"\" class=\"wp-image-40\" srcset=\"http:\/\/port.mplab.lv\/UVLAB\/wp-content\/uploads\/2021\/10\/scan100-mazs-724x1024.jpg 724w, http:\/\/port.mplab.lv\/UVLAB\/wp-content\/uploads\/2021\/10\/scan100-mazs-212x300.jpg 212w, http:\/\/port.mplab.lv\/UVLAB\/wp-content\/uploads\/2021\/10\/scan100-mazs-768x1086.jpg 768w, http:\/\/port.mplab.lv\/UVLAB\/wp-content\/uploads\/2021\/10\/scan100-mazs-1086x1536.jpg 1086w, http:\/\/port.mplab.lv\/UVLAB\/wp-content\/uploads\/2021\/10\/scan100-mazs.jpg 1414w\" sizes=\"(max-width: 724px) 100vw, 724px\" \/><\/figure>\n\n\n\n<figure class=\"wp-block-image size-large\"><img decoding=\"async\" width=\"724\" height=\"1024\" src=\"http:\/\/port.mplab.lv\/UVLAB\/wp-content\/uploads\/2021\/10\/Scan-96-mazs-724x1024.jpg\" alt=\"\" class=\"wp-image-42\" srcset=\"http:\/\/port.mplab.lv\/UVLAB\/wp-content\/uploads\/2021\/10\/Scan-96-mazs-724x1024.jpg 724w, http:\/\/port.mplab.lv\/UVLAB\/wp-content\/uploads\/2021\/10\/Scan-96-mazs-212x300.jpg 212w, http:\/\/port.mplab.lv\/UVLAB\/wp-content\/uploads\/2021\/10\/Scan-96-mazs-768x1086.jpg 768w, http:\/\/port.mplab.lv\/UVLAB\/wp-content\/uploads\/2021\/10\/Scan-96-mazs-1086x1536.jpg 1086w, http:\/\/port.mplab.lv\/UVLAB\/wp-content\/uploads\/2021\/10\/Scan-96-mazs.jpg 1414w\" sizes=\"(max-width: 724px) 100vw, 724px\" \/><\/figure>\n\n\n\n<figure class=\"wp-block-image size-large\"><img decoding=\"async\" width=\"724\" height=\"1024\" src=\"http:\/\/port.mplab.lv\/UVLAB\/wp-content\/uploads\/2021\/10\/Scan-97-mazs-724x1024.jpg\" alt=\"\" class=\"wp-image-43\" srcset=\"http:\/\/port.mplab.lv\/UVLAB\/wp-content\/uploads\/2021\/10\/Scan-97-mazs-724x1024.jpg 724w, http:\/\/port.mplab.lv\/UVLAB\/wp-content\/uploads\/2021\/10\/Scan-97-mazs-212x300.jpg 212w, http:\/\/port.mplab.lv\/UVLAB\/wp-content\/uploads\/2021\/10\/Scan-97-mazs-768x1086.jpg 768w, http:\/\/port.mplab.lv\/UVLAB\/wp-content\/uploads\/2021\/10\/Scan-97-mazs-1086x1536.jpg 1086w, http:\/\/port.mplab.lv\/UVLAB\/wp-content\/uploads\/2021\/10\/Scan-97-mazs.jpg 1414w\" sizes=\"(max-width: 724px) 100vw, 724px\" \/><\/figure>\n\n\n\n<figure class=\"wp-block-image size-large\"><img loading=\"lazy\" decoding=\"async\" width=\"724\" height=\"1024\" src=\"http:\/\/port.mplab.lv\/UVLAB\/wp-content\/uploads\/2021\/10\/Scan-98-mazs-724x1024.jpg\" alt=\"\" class=\"wp-image-44\" srcset=\"http:\/\/port.mplab.lv\/UVLAB\/wp-content\/uploads\/2021\/10\/Scan-98-mazs-724x1024.jpg 724w, http:\/\/port.mplab.lv\/UVLAB\/wp-content\/uploads\/2021\/10\/Scan-98-mazs-212x300.jpg 212w, http:\/\/port.mplab.lv\/UVLAB\/wp-content\/uploads\/2021\/10\/Scan-98-mazs-768x1086.jpg 768w, http:\/\/port.mplab.lv\/UVLAB\/wp-content\/uploads\/2021\/10\/Scan-98-mazs-1086x1536.jpg 1086w, http:\/\/port.mplab.lv\/UVLAB\/wp-content\/uploads\/2021\/10\/Scan-98-mazs.jpg 1414w\" sizes=\"(max-width: 724px) 100vw, 724px\" \/><\/figure>\n\n\n\n<figure class=\"wp-block-image size-large\"><img loading=\"lazy\" decoding=\"async\" width=\"724\" height=\"1024\" src=\"http:\/\/port.mplab.lv\/UVLAB\/wp-content\/uploads\/2021\/10\/Scan-88-azs-724x1024.jpg\" alt=\"\" class=\"wp-image-46\" srcset=\"http:\/\/port.mplab.lv\/UVLAB\/wp-content\/uploads\/2021\/10\/Scan-88-azs-724x1024.jpg 724w, http:\/\/port.mplab.lv\/UVLAB\/wp-content\/uploads\/2021\/10\/Scan-88-azs-212x300.jpg 212w, http:\/\/port.mplab.lv\/UVLAB\/wp-content\/uploads\/2021\/10\/Scan-88-azs-768x1086.jpg 768w, http:\/\/port.mplab.lv\/UVLAB\/wp-content\/uploads\/2021\/10\/Scan-88-azs-1086x1536.jpg 1086w, http:\/\/port.mplab.lv\/UVLAB\/wp-content\/uploads\/2021\/10\/Scan-88-azs.jpg 1414w\" sizes=\"(max-width: 724px) 100vw, 724px\" \/><\/figure>\n","protected":false},"excerpt":{"rendered":"<p>by P\u0113ters Rieksti\u0146\u0161 Seaweed, office scanner<\/p>\n","protected":false},"author":1,"featured_media":0,"parent":0,"menu_order":0,"comment_status":"closed","ping_status":"closed","template":"","meta":{"footnotes":""},"class_list":["post-26","page","type-page","status-publish","hentry","missing-thumbnail"],"_links":{"self":[{"href":"http:\/\/port.mplab.lv\/UVLAB\/wp-json\/wp\/v2\/pages\/26","targetHints":{"allow":["GET"]}}],"collection":[{"href":"http:\/\/port.mplab.lv\/UVLAB\/wp-json\/wp\/v2\/pages"}],"about":[{"href":"http:\/\/port.mplab.lv\/UVLAB\/wp-json\/wp\/v2\/types\/page"}],"author":[{"embeddable":true,"href":"http:\/\/port.mplab.lv\/UVLAB\/wp-json\/wp\/v2\/users\/1"}],"replies":[{"embeddable":true,"href":"http:\/\/port.mplab.lv\/UVLAB\/wp-json\/wp\/v2\/comments?post=26"}],"version-history":[{"count":8,"href":"http:\/\/port.mplab.lv\/UVLAB\/wp-json\/wp\/v2\/pages\/26\/revisions"}],"predecessor-version":[{"id":173,"href":"http:\/\/port.mplab.lv\/UVLAB\/wp-json\/wp\/v2\/pages\/26\/revisions\/173"}],"wp:attachment":[{"href":"http:\/\/port.mplab.lv\/UVLAB\/wp-json\/wp\/v2\/media?parent=26"}],"curies":[{"name":"wp","href":"https:\/\/api.w.org\/{rel}","templated":true}]}}