{"id":2,"date":"2021-10-16T12:33:30","date_gmt":"2021-10-16T12:33:30","guid":{"rendered":"http:\/\/port.mplab.lv\/UVLAB\/?page_id=2"},"modified":"2022-01-26T09:03:24","modified_gmt":"2022-01-26T09:03:24","slug":"sample-page","status":"publish","type":"page","link":"http:\/\/port.mplab.lv\/UVLAB\/","title":{"rendered":""},"content":{"rendered":"\n<figure class=\"wp-block-embed is-type-video is-provider-youtube wp-block-embed-youtube wp-embed-aspect-16-9 wp-has-aspect-ratio\"><div class=\"wp-block-embed__wrapper\">\n<iframe title=\"UVLab AVEiRO 2o2i\" width=\"560\" height=\"315\" src=\"https:\/\/www.youtube.com\/embed\/wPTwtY7gSQY?feature=oembed\" frameborder=\"0\" allow=\"accelerometer; autoplay; clipboard-write; encrypted-media; gyroscope; picture-in-picture; web-share\" referrerpolicy=\"strict-origin-when-cross-origin\" allowfullscreen><\/iframe>\n<\/div><\/figure>\n\n\n\n<p>UVLab is a series of artistic experiments that are aimed to explore the unique environment of the Baltic sea .<\/p>\n\n\n\n<p>UVLab is a satellite event of the MTF Labs AVEIRO 2021 festival. <\/p>\n\n\n\n<p>Researchers:<\/p>\n\n\n\n<p>Paula V\u012btola | Rogier Jupijn | P\u0113ters Rieksti\u0146\u0161 | Elza Ozola | Art\u016brs Goldmanis | Just\u012bne Gr\u012bnberga | Gustavs Lociks | Olga Barbina | Uldis Hasners<\/p>\n","protected":false},"excerpt":{"rendered":"<p>UVLab is a series of artistic experiments that are aimed to explore the unique environment of the Baltic sea . UVLab is a satellite event of the MTF Labs AVEIRO 2021 festival. Researchers: Paula V\u012btola | Rogier Jupijn | P\u0113ters Rieksti\u0146\u0161 | Elza Ozola | Art\u016brs Goldmanis | Just\u012bne Gr\u012bnberga | Gustavs Lociks | Olga [&hellip;]<\/p>\n","protected":false},"author":1,"featured_media":0,"parent":0,"menu_order":0,"comment_status":"closed","ping_status":"open","template":"","meta":{"footnotes":""},"class_list":["post-2","page","type-page","status-publish","hentry","missing-thumbnail"],"_links":{"self":[{"href":"http:\/\/port.mplab.lv\/UVLAB\/wp-json\/wp\/v2\/pages\/2","targetHints":{"allow":["GET"]}}],"collection":[{"href":"http:\/\/port.mplab.lv\/UVLAB\/wp-json\/wp\/v2\/pages"}],"about":[{"href":"http:\/\/port.mplab.lv\/UVLAB\/wp-json\/wp\/v2\/types\/page"}],"author":[{"embeddable":true,"href":"http:\/\/port.mplab.lv\/UVLAB\/wp-json\/wp\/v2\/users\/1"}],"replies":[{"embeddable":true,"href":"http:\/\/port.mplab.lv\/UVLAB\/wp-json\/wp\/v2\/comments?post=2"}],"version-history":[{"count":10,"href":"http:\/\/port.mplab.lv\/UVLAB\/wp-json\/wp\/v2\/pages\/2\/revisions"}],"predecessor-version":[{"id":202,"href":"http:\/\/port.mplab.lv\/UVLAB\/wp-json\/wp\/v2\/pages\/2\/revisions\/202"}],"wp:attachment":[{"href":"http:\/\/port.mplab.lv\/UVLAB\/wp-json\/wp\/v2\/media?parent=2"}],"curies":[{"name":"wp","href":"https:\/\/api.w.org\/{rel}","templated":true}]}}